{"id":11,"date":"2021-12-14T10:18:34","date_gmt":"2021-12-14T09:18:34","guid":{"rendered":"https:\/\/artpilo.myditex.fr\/?page_id=11"},"modified":"2021-12-20T14:10:54","modified_gmt":"2021-12-20T13:10:54","slug":"remboursements_retours","status":"publish","type":"page","link":"https:\/\/artpilo.myditex.fr\/en\/remboursements_retours\/","title":{"rendered":"Refunds and Returns Policy"},"content":{"rendered":"<div data-elementor-type=\"wp-page\" data-elementor-id=\"11\" class=\"elementor elementor-11\" data-elementor-settings=\"[]\">\n\t\t\t\t\t\t\t<div class=\"elementor-section-wrap\">\n\t\t\t\t\t\t\t<section data-particle_enable=\"false\" data-particle-mobile-disabled=\"false\" class=\"elementor-section elementor-top-section elementor-element elementor-element-3011d88 elementor-section-full_width elementor-section-height-default elementor-section-height-default\" data-id=\"3011d88\" data-element_type=\"section\">\n\t\t\t\t\t\t<div class=\"elementor-container elementor-column-gap-default\">\n\t\t\t\t\t<div class=\"elementor-column elementor-col-100 elementor-top-column elementor-element elementor-element-6751851d\" data-id=\"6751851d\" data-element_type=\"column\">\n\t\t\t<div class=\"elementor-widget-wrap elementor-element-populated\">\n\t\t\t\t\t\t\t\t<div class=\"elementor-element elementor-element-138aac40 elementor-widget elementor-widget-text-editor\" data-id=\"138aac40\" data-element_type=\"widget\" data-widget_type=\"text-editor.default\">\n\t\t\t\t<div class=\"elementor-widget-container\">\n\t\t\t<style>\/*! elementor - v3.5.6 - 28-02-2022 *\/\n.elementor-widget-text-editor.elementor-drop-cap-view-stacked .elementor-drop-cap{background-color:#818a91;color:#fff}.elementor-widget-text-editor.elementor-drop-cap-view-framed .elementor-drop-cap{color:#818a91;border:3px solid;background-color:transparent}.elementor-widget-text-editor:not(.elementor-drop-cap-view-default) .elementor-drop-cap{margin-top:8px}.elementor-widget-text-editor:not(.elementor-drop-cap-view-default) .elementor-drop-cap-letter{width:1em;height:1em}.elementor-widget-text-editor .elementor-drop-cap{float:left;text-align:center;line-height:1;font-size:50px}.elementor-widget-text-editor .elementor-drop-cap-letter{display:inline-block}<\/style>\t\t\t\t<p style=\"color: #3c4858;\"><span style=\"font-size: inherit; font-family: Lato;\">Toutes les commandes sont v\u00e9rifi\u00e9es deux fois avant d\u2019\u00eatre exp\u00e9di\u00e9es.\u00a0<\/span><span style=\"font-weight: bold; font-size: inherit; font-family: Lato;\">En cas d\u2019erreur de quantit\u00e9 ou de produits d\u00e9fectueux, la r\u00e9clamation devra \u00eatre faite aupr\u00e8s de la SARL MYDITEX-My Digital Textile sous 48h \u00e0 partir de la r\u00e9ception<\/span><span style=\"font-size: inherit; font-family: Lato;\">. Aucune r\u00e9clamation ne sera accept\u00e9e au-del\u00e0 de ce d\u00e9lai.\u00a0<\/span><\/p><div><span style=\"font-size: inherit; font-family: Lato;\">\u00a0<\/span><\/div><h1><strong> Remboursement<\/strong><\/h1><p>Conform\u00e9ment \u00e0 l&#8217;article L. 121-20 du code de la consommation, <b>l\u2019Utilisateur dispose d&#8217;un d\u00e9lai de sept jours francs compter de la date de r\u00e9ception de sa commande, pour retourner \u00e0 ses frais, les produits command\u00e9s, et pour se faire rembourser<\/b>. Le remboursement y compris les frais de livraison sera effectu\u00e9 dans les 30 jours suivant la date \u00e0 laquelle ce droit aura \u00e9t\u00e9 exerc\u00e9.<\/p><p><\/p><h1><b>Remplacement<\/b><\/h1><p><b>Dans le cas d\u2019une r\u00e9clamation fond\u00e9e, nous remplacerons l\u2019article d\u00e9fectueux. Si nous ne pouvons pas remplacer l\u2019article, vous pourrez choisir un autre produit ou r\u00e9clamer le remboursement<\/b>. Tous les articles peuvent faire l\u2019objet d\u2019un \u00e9change si non lav\u00e9s. L\u2019\u00e9change doit intervenir dans les 15 jours \u00e0 partir de la date de r\u00e9ception. L\u2019Utilisateur retournera \u00e0 ses frais l\u2019article \u00e0 \u00e9changer et les frais de port pour l\u2019envoi du nouvel article command\u00e9 seront \u00e0 la charge de la SARL MYDITEX-My Digital Textile. La prise en charge des frais de port par la SARL MYDITEX-My Digital Textile pour cause d\u2019\u00e9change est limit\u00e9e au premier \u00e9change sur une commande. Si le prix du produit demand\u00e9 en \u00e9change est d\u2019un montant sup\u00e9rieur au prix du produit initialement command\u00e9, l\u2019Utilisateur devra joindre \u00e0 la demande d\u2019\u00e9change un ch\u00e8que du montant de la diff\u00e9rence. Pour un montant inf\u00e9rieur, l\u2019utilisateur recevra de la SARL MYDITEX-My Digital Textile un ch\u00e8que du montant de la diff\u00e9rence.\u00a0<\/p><p><\/p><p><b>Adresse de retour pour les d\u00e9fauts et \u00e9changes<\/b> :\u00a0<\/p><p>SARL MYDITEX-My Digital Textile 1 rue de Haarlem PA Ravennes Les Francs 59200\u00a0\u00a0TOURCOING (FRANCE).<\/p>\t\t\t\t\t\t<\/div>\n\t\t\t\t<\/div>\n\t\t\t\t\t<\/div>\n\t\t<\/div>\n\t\t\t\t\t\t\t<\/div>\n\t\t<\/section>\n\t\t\t\t\t\t<\/div>\n\t\t\t\t\t<\/div>","protected":false},"excerpt":{"rendered":"<p>Toutes les commandes sont v\u00e9rifi\u00e9es deux fois avant d\u2019\u00eatre exp\u00e9di\u00e9es.\u00a0En cas d\u2019erreur de quantit\u00e9 ou de produits d\u00e9fectueux, la r\u00e9clamation devra \u00eatre faite aupr\u00e8s de la SARL MYDITEX-My Digital Textile sous 48h \u00e0 partir de la r\u00e9ception. Aucune r\u00e9clamation ne sera accept\u00e9e au-del\u00e0 de ce d\u00e9lai.\u00a0 \u00a0 Remboursement Conform\u00e9ment \u00e0 [&hellip;]<\/p>","protected":false},"author":1,"featured_media":0,"parent":0,"menu_order":0,"comment_status":"closed","ping_status":"closed","template":"","meta":{"advanced_seo_description":"","spay_email":""},"_links":{"self":[{"href":"https:\/\/artpilo.myditex.fr\/en\/wp-json\/wp\/v2\/pages\/11"}],"collection":[{"href":"https:\/\/artpilo.myditex.fr\/en\/wp-json\/wp\/v2\/pages"}],"about":[{"href":"https:\/\/artpilo.myditex.fr\/en\/wp-json\/wp\/v2\/types\/page"}],"author":[{"embeddable":true,"href":"https:\/\/artpilo.myditex.fr\/en\/wp-json\/wp\/v2\/users\/1"}],"replies":[{"embeddable":true,"href":"https:\/\/artpilo.myditex.fr\/en\/wp-json\/wp\/v2\/comments?post=11"}],"version-history":[{"count":12,"href":"https:\/\/artpilo.myditex.fr\/en\/wp-json\/wp\/v2\/pages\/11\/revisions"}],"predecessor-version":[{"id":2186,"href":"https:\/\/artpilo.myditex.fr\/en\/wp-json\/wp\/v2\/pages\/11\/revisions\/2186"}],"wp:attachment":[{"href":"https:\/\/artpilo.myditex.fr\/en\/wp-json\/wp\/v2\/media?parent=11"}],"curies":[{"name":"wp","href":"https:\/\/api.w.org\/{rel}","templated":true}]}}