{"id":2090,"date":"2021-12-14T11:22:28","date_gmt":"2021-12-14T10:22:28","guid":{"rendered":"https:\/\/artpilo.myditex.fr\/?page_id=2090"},"modified":"2021-12-14T11:26:13","modified_gmt":"2021-12-14T10:26:13","slug":"mentions-legales","status":"publish","type":"page","link":"https:\/\/artpilo.myditex.fr\/en\/mentions-legales\/","title":{"rendered":"Legal Notice"},"content":{"rendered":"<div data-elementor-type=\"wp-page\" data-elementor-id=\"2090\" class=\"elementor elementor-2090\" data-elementor-settings=\"[]\">\n\t\t\t\t\t\t\t<div class=\"elementor-section-wrap\">\n\t\t\t\t\t\t\t<section data-particle_enable=\"false\" data-particle-mobile-disabled=\"false\" class=\"elementor-section elementor-top-section elementor-element elementor-element-7d645e9 elementor-section-boxed elementor-section-height-default elementor-section-height-default\" data-id=\"7d645e9\" data-element_type=\"section\">\n\t\t\t\t\t\t<div class=\"elementor-container elementor-column-gap-default\">\n\t\t\t\t\t<div class=\"elementor-column elementor-col-100 elementor-top-column elementor-element elementor-element-a41d44b\" data-id=\"a41d44b\" data-element_type=\"column\">\n\t\t\t<div class=\"elementor-widget-wrap elementor-element-populated\">\n\t\t\t\t\t\t\t\t<div class=\"elementor-element elementor-element-8f66c37 elementor-widget elementor-widget-text-editor\" data-id=\"8f66c37\" data-element_type=\"widget\" data-widget_type=\"text-editor.default\">\n\t\t\t\t<div class=\"elementor-widget-container\">\n\t\t\t<style>\/*! elementor - v3.5.6 - 28-02-2022 *\/\n.elementor-widget-text-editor.elementor-drop-cap-view-stacked .elementor-drop-cap{background-color:#818a91;color:#fff}.elementor-widget-text-editor.elementor-drop-cap-view-framed .elementor-drop-cap{color:#818a91;border:3px solid;background-color:transparent}.elementor-widget-text-editor:not(.elementor-drop-cap-view-default) .elementor-drop-cap{margin-top:8px}.elementor-widget-text-editor:not(.elementor-drop-cap-view-default) .elementor-drop-cap-letter{width:1em;height:1em}.elementor-widget-text-editor .elementor-drop-cap{float:left;text-align:center;line-height:1;font-size:50px}.elementor-widget-text-editor .elementor-drop-cap-letter{display:inline-block}<\/style>\t\t\t\t<h1>\u00c9diteur\u00a0du site\u00a0:<\/h1><p>Le site internet\u00a0<a href=\"https:\/\/www.artpilo.com\/\" title=\"HOME\">www.artpilo.com<\/a>\u00a0est \u00e9dit\u00e9 par\u00a0MyDiTex &#8211; My DIGITAL TEXTILE SARL<\/p><p><span style=\"font-size: inherit; color: var( --e-global-color-text ); font-family: var( --e-global-typography-text-font-family ), Sans-serif; font-weight: var( --e-global-typography-text-font-weight );\">Si\u00e8ge : 1 rue de Haarlem &#8211; 59200 Tourcoing, FRANCE.<\/span><\/p><p>Capital social: 46 000 \u20ac<\/p><p>R.C.S : 525 077 954\u00a0R.C.S\u00a0LILLE METROPOLE<\/p><p>SIRET : 525 077 954\u00a036\u00a0\u2013 APE : 4641Z<\/p><p>N\u00b0 TVA intracommunautaire: FR46525077954<\/p><p>E-mail: welcome@myditex.com<\/p><p>Publication:\u00a0<span style=\"font-size: inherit; color: var( --e-global-color-text ); font-family: var( --e-global-typography-text-font-family ), Sans-serif; font-weight: var( --e-global-typography-text-font-weight );\">S\u00e9bastien Mignot &#8211;\u00a0<\/span><span style=\"font-size: inherit; color: var( --e-global-color-text ); font-family: var( --e-global-typography-text-font-family ), Sans-serif; font-weight: var( --e-global-typography-text-font-weight );\">Sebastien@myditex.com &#8211;\u00a0<\/span><span style=\"font-size: inherit; color: var( --e-global-color-text ); font-family: var( --e-global-typography-text-font-family ), Sans-serif; font-weight: var( --e-global-typography-text-font-weight );\">+33 3 20 03 25 36<\/span><\/p><h1>Utilisation de Cookies\u00a0:<\/h1><p>Un ou plusieurs cookies (petits fichiers textes) peuvent \u00e9ventuellement s&#8217;installer sur le disque dur de votre ordinateur lors de votre visite sur notre site Internet. Ces cookies permettront notamment d&#8217;assurer le bon fonctionnement des cha\u00eenes de navigation globale, et de personnaliser votre acc\u00e8s \u00e0 tout ou partie de notre site Internet. Vous avez la possibilit\u00e9 de supprimer les cookies install\u00e9s lors de votre visite sur notre site Internet \u00e0 l&#8217;aide de la barre d&#8217;outils de votre navigateur. La suppression des cookies devra intervenir une fois votre navigation sur le site termin\u00e9e. A d\u00e9faut, vous \u00eates inform\u00e9 du fait que l&#8217;usage de notre\u00a0site Internet, ainsi que les services qui y sont propos\u00e9s, pourraient \u00eatre perturb\u00e9s, voire emp\u00each\u00e9s.<\/p><h1>H\u00e9bergement :<\/h1><div><p><strong>OVH<\/strong><\/p><p>SAS au capital de 10 069 020 \u20ac<br \/>RCS Lille M\u00e9tropole 424 761 419 00045<br \/>Code APE 2620Z<br \/>N\u00b0 TVA : FR 22 424 761 419<br \/>Si\u00e8ge social : 2 rue Kellermann &#8211; 59100 Roubaix &#8211; France<\/p><\/div>\t\t\t\t\t\t<\/div>\n\t\t\t\t<\/div>\n\t\t\t\t\t<\/div>\n\t\t<\/div>\n\t\t\t\t\t\t\t<\/div>\n\t\t<\/section>\n\t\t\t\t\t\t<\/div>\n\t\t\t\t\t<\/div>","protected":false},"excerpt":{"rendered":"<p>\u00c9diteur\u00a0du site\u00a0: Le site internet\u00a0www.artpilo.com\u00a0est \u00e9dit\u00e9 par\u00a0MyDiTex &#8211; My DIGITAL TEXTILE SARL Si\u00e8ge : 1 rue de Haarlem &#8211; 59200 Tourcoing, FRANCE. Capital social: 46 000 \u20ac R.C.S : 525 077 954\u00a0R.C.S\u00a0LILLE METROPOLE SIRET : 525 077 954\u00a036\u00a0\u2013 APE : 4641Z N\u00b0 TVA intracommunautaire: FR46525077954 E-mail: welcome@myditex.com Publication:\u00a0S\u00e9bastien Mignot &#8211;\u00a0Sebastien@myditex.com [&hellip;]<\/p>","protected":false},"author":1,"featured_media":0,"parent":0,"menu_order":0,"comment_status":"closed","ping_status":"closed","template":"page-templates\/template-pagebuilder-full-width.php","meta":{"advanced_seo_description":"","spay_email":""},"_links":{"self":[{"href":"https:\/\/artpilo.myditex.fr\/en\/wp-json\/wp\/v2\/pages\/2090"}],"collection":[{"href":"https:\/\/artpilo.myditex.fr\/en\/wp-json\/wp\/v2\/pages"}],"about":[{"href":"https:\/\/artpilo.myditex.fr\/en\/wp-json\/wp\/v2\/types\/page"}],"author":[{"embeddable":true,"href":"https:\/\/artpilo.myditex.fr\/en\/wp-json\/wp\/v2\/users\/1"}],"replies":[{"embeddable":true,"href":"https:\/\/artpilo.myditex.fr\/en\/wp-json\/wp\/v2\/comments?post=2090"}],"version-history":[{"count":10,"href":"https:\/\/artpilo.myditex.fr\/en\/wp-json\/wp\/v2\/pages\/2090\/revisions"}],"predecessor-version":[{"id":2101,"href":"https:\/\/artpilo.myditex.fr\/en\/wp-json\/wp\/v2\/pages\/2090\/revisions\/2101"}],"wp:attachment":[{"href":"https:\/\/artpilo.myditex.fr\/en\/wp-json\/wp\/v2\/media?parent=2090"}],"curies":[{"name":"wp","href":"https:\/\/api.w.org\/{rel}","templated":true}]}}