{"id":3,"date":"2021-12-06T10:01:51","date_gmt":"2021-12-06T09:01:51","guid":{"rendered":"https:\/\/artpilo.myditex.fr\/?page_id=3"},"modified":"2021-12-14T10:03:47","modified_gmt":"2021-12-14T09:03:47","slug":"politique-de-confidentialite","status":"publish","type":"page","link":"https:\/\/artpilo.myditex.fr\/en\/politique-de-confidentialite\/","title":{"rendered":"Politique de confidentialit\u00e9"},"content":{"rendered":"<div data-elementor-type=\"wp-page\" data-elementor-id=\"3\" class=\"elementor elementor-3\" data-elementor-settings=\"[]\">\n\t\t\t\t\t\t\t<div class=\"elementor-section-wrap\">\n\t\t\t\t\t\t\t<section data-particle_enable=\"false\" data-particle-mobile-disabled=\"false\" class=\"elementor-section elementor-top-section elementor-element elementor-element-b9872eb elementor-section-full_width elementor-section-height-default elementor-section-height-default\" data-id=\"b9872eb\" data-element_type=\"section\">\n\t\t\t\t\t\t<div class=\"elementor-container elementor-column-gap-default\">\n\t\t\t\t\t<div class=\"elementor-column elementor-col-100 elementor-top-column elementor-element elementor-element-3876df7\" data-id=\"3876df7\" data-element_type=\"column\">\n\t\t\t<div class=\"elementor-widget-wrap elementor-element-populated\">\n\t\t\t\t\t\t\t\t<div class=\"elementor-element elementor-element-ea404cd elementor-widget elementor-widget-text-editor\" data-id=\"ea404cd\" data-element_type=\"widget\" data-widget_type=\"text-editor.default\">\n\t\t\t\t<div class=\"elementor-widget-container\">\n\t\t\t<style>\/*! elementor - v3.5.6 - 28-02-2022 *\/\n.elementor-widget-text-editor.elementor-drop-cap-view-stacked .elementor-drop-cap{background-color:#818a91;color:#fff}.elementor-widget-text-editor.elementor-drop-cap-view-framed .elementor-drop-cap{color:#818a91;border:3px solid;background-color:transparent}.elementor-widget-text-editor:not(.elementor-drop-cap-view-default) .elementor-drop-cap{margin-top:8px}.elementor-widget-text-editor:not(.elementor-drop-cap-view-default) .elementor-drop-cap-letter{width:1em;height:1em}.elementor-widget-text-editor .elementor-drop-cap{float:left;text-align:center;line-height:1;font-size:50px}.elementor-widget-text-editor .elementor-drop-cap-letter{display:inline-block}<\/style>\t\t\t\t<h1><strong>Donn\u00e9es personnelles, RGPD, Politique de confidentialit\u00e9 :<\/strong><\/h1>\n<p>Voici les donn\u00e9es que nous collectons, pourquoi nous en avons besoin et comment nous utilisons ces donn\u00e9es.<\/p>\n<h2><strong>NOS ENGAGEMENTS<\/strong><\/h2>\n<h3><ol><li><u> Nous ne collectons que les donn\u00e9es qui sont n\u00e9cessaires au bon fonctionnement de notre service.<\/u><\/li><\/ol><\/h3>\n<p>Nous collectons uniquement des donn\u00e9es qui sont indispensables au bon fonctionnement de notre service et\/ou qui sont n\u00e9cessaires \u00e0 des fins de prospections commerciales. Nous ne collecterons jamais de donn\u00e9es sans votre consentement.<\/p>\n<p>Les informations et donn\u00e9es vous concernant sont n\u00e9cessaires \u00e0 la gestion de votre commande et \u00e0 nos relations commerciales. Les informations vous concernant ne sont transmises \u00e0 aucune autre soci\u00e9t\u00e9 que MYDITEX &#8211; MY DIGITAL TEXTILE. Ces informations et donn\u00e9es sont conserv\u00e9es \u00e0 des fins de s\u00e9curit\u00e9, afin de respecter les obligations l\u00e9gales et r\u00e9glementaires et ainsi que pour nous permettre d&#8217;am\u00e9liorer et personnaliser les services que nous vous proposons et les informations que nous vous adressons.<\/p>\n<p>Nous ne partageons pas vos donn\u00e9es !<\/p>\n<p>Vos donn\u00e9es n\u2019ont jamais \u00e9t\u00e9 partag\u00e9es \u00e0 des tiers afin qu\u2019ils puissent les utiliser \u00e0 leurs fins publicitaires, elles ne le seront jamais !<\/p>\n<p>Toutefois, certaines de vos donn\u00e9es sont partag\u00e9es avec nos partenaires afin de nous permettre de vous fournir nos services :<\/p>\n<p>&#8211; Les transporteurs (ex: colissimo)<\/p>\n<p>&#8211; Les prestataires de paiement (paypal, stripe, &#8230;)<\/p>\n<p>&#8211; Les prestataires de statistiques (google analytics)<\/p>\n<p>Tous ces prestataires n\u2019ont acc\u00e8s qu\u2019aux donn\u00e9es dont ils ont besoin pour vous d\u00e9livrer le meilleur service. Tous ces prestataires s\u2019engagent \u00e0 prot\u00e9ger de mani\u00e8re ultra s\u00e9curis\u00e9e les donn\u00e9es que nous leur transmettons et \u00e0 ne les utiliser que dans le cadre strict de nos contrats.<\/p>\n<p>En cr\u00e9ant un compte client sur notre site internet, vous serez susceptible de recevoir des courriels de notre soci\u00e9t\u00e9 concernant nos offres promotionnelles, nos p\u00e9riodes de soldes, concours ou autres informations commerciales. Vous avez cependant la possibilit\u00e9 de vous d\u00e9sinscrire de notre mailing liste \u00e0 l&#8217;aide du lien figurant sur le courriel que vous aurez re\u00e7u.<\/p>\n<p>Si vous y avez consenti, et uniquement dans ce cas-l\u00e0, des messages marketing sur l\u2019actualit\u00e9 de la marque peuvent vous \u00eatre envoy\u00e9s par e-mail. Vous pouvez \u00e0 tout moment cesser de recevoir des messages marketing de notre part en cliquant sur les liens de d\u00e9sabonnement pr\u00e9sents dans chacun des emails de message marketing qui est envoy\u00e9 ou en contactant directement notre Service Client.<\/p>\n<p>Sur les r\u00e9seaux sociaux (facebook, twitter, instagram, linkedin), vous pouvez configurer tr\u00e8s facilement dans les param\u00e8tres de votre compte.<\/p>\n<p>Sur des sites tiers, nous vous invitons \u00e0 lire notre charte sur les cookies pour savoir comment configurer votre navigateur.<\/p>\n<h3><ol start=\"2\"><li><u> Vos donn\u00e9es sont prot\u00e9g\u00e9es au sein de serveurs ultra s\u00e9curis\u00e9s.<\/u><\/li><\/ol><\/h3>\n<p>Vos donn\u00e9es sont stock\u00e9es dans nos bases de donn\u00e9es ou celles de nos prestataires de services. Dans certains cas, et principalement pour des raisons techniques, ces bases de donn\u00e9es peuvent \u00eatre stock\u00e9es sur des serveurs situ\u00e9s en dehors du pays (y compris en dehors de l\u2019Union europ\u00e9enne) depuis lequel vous avez initialement saisi les donn\u00e9es.<\/p>\n<p>Vos donn\u00e9es sont pr\u00e9cieuses. Nos \u00e9quipes techniques ont mis en place des syst\u00e8mes ultra s\u00e9curis\u00e9s, comme des protocoles d&#8217;encryptage, d\u2019authentification ou de d\u00e9tection de fraude.<\/p>\n<p>Afin de lutter contre les fraudes, votre adresse IP et les donn\u00e9es HOST de votre serveur seront enregistr\u00e9es ainsi que les dates et heures exactes des transactions. Cette identification unique et formelle vous engage contractuellement. Ces renseignements resteront confidentiels sauf si nous constatons une tentative de fraude. Auquel cas nous d\u00e9poserons plainte et l&#8217;int\u00e9gralit\u00e9 des donn\u00e9es recueillies vous concernant sera transmise au Parquet pour enqu\u00eate.<\/p>\n<h3><ol start=\"3\"><li><u> Vous d\u00e9cidez de communiquer ou non avec nous et de ce que l\u2019on fait de vos donn\u00e9es personnelles.<\/u><\/li><\/ol><\/h3>\n<p>&#8211; Vous avez le droit d\u2019\u00eatre inform\u00e9 quant \u00e0 l\u2019utilisation qui est faite de vos donn\u00e9es<\/p>\n<p>&#8211; Vous avez le droit d\u2019acc\u00e9der \u00e0 ces donn\u00e9es pour les rectifier ou les supprimer<\/p>\n<p>&#8211; Vous avez le droit d\u2019acc\u00e9der \u00e0 ces donn\u00e9es pour les transporter vers un autre fournisseur de service<\/p>\n<p>&#8211; Vous avez le droit de vous plaindre aupr\u00e8s de votre r\u00e9gulateur de protection des donn\u00e9es (CNIL). Conform\u00e9ment \u00e0 la loi informatique et libert\u00e9s du 6 janvier 1978, vous disposez d&#8217;un droit d&#8217;acc\u00e8s et de rectification et d&#8217;opposition aux donn\u00e9es personnelles vous concernant. Il vous suffit d&#8217;en faire la demande en ligne, en nous indiquant vos nom, pr\u00e9nom, e-mail adresse et si possible votre num\u00e9ro client. Conform\u00e9ment \u00e0 la r\u00e9glementation en vigueur, votre demande doit \u00eatre sign\u00e9e et accompagn\u00e9e de la photocopie d&#8217;un titre d&#8217;identit\u00e9 portant votre signature.<\/p>\n<p>Pour exercer vos droits, veuillez contacter notre Service Client.<\/p>\n<h3><ol start=\"4\"><li><u> Vos donn\u00e9es ne sont pas ou plus utiles, elles sont supprim\u00e9es !<\/u><\/li><\/ol><\/h3>\n<p>Nous conservons vos informations pendant toute la dur\u00e9e de vie de votre compte et jusqu\u2019\u00e0 3 ann\u00e9es apr\u00e8s avoir pass\u00e9 votre derni\u00e8re commande et\/ou avoir eu un dernier \u00e9change avec notre service client.<\/p>\n<p>Pour satisfaire aux obligations l\u00e9gales ou r\u00e9glementaires, nous pouvons \u00e9galement conserver vos donn\u00e9es m\u00eame apr\u00e8s que nous n\u2019avons plus besoin de vous fournir des services.<\/p>\n<p><\/p>\t\t\t\t\t\t<\/div>\n\t\t\t\t<\/div>\n\t\t\t\t\t<\/div>\n\t\t<\/div>\n\t\t\t\t\t\t\t<\/div>\n\t\t<\/section>\n\t\t\t\t\t\t<\/div>\n\t\t\t\t\t<\/div>","protected":false},"excerpt":{"rendered":"<p>Donn\u00e9es personnelles, RGPD, Politique de confidentialit\u00e9 : Voici les donn\u00e9es que nous collectons, pourquoi nous en avons besoin et comment nous utilisons ces donn\u00e9es. NOS ENGAGEMENTS Nous ne collectons que les donn\u00e9es qui sont n\u00e9cessaires au bon fonctionnement de notre service. Nous collectons uniquement des donn\u00e9es qui sont indispensables au [&hellip;]<\/p>","protected":false},"author":1,"featured_media":0,"parent":0,"menu_order":0,"comment_status":"closed","ping_status":"open","template":"","meta":{"advanced_seo_description":"","spay_email":""},"_links":{"self":[{"href":"https:\/\/artpilo.myditex.fr\/en\/wp-json\/wp\/v2\/pages\/3"}],"collection":[{"href":"https:\/\/artpilo.myditex.fr\/en\/wp-json\/wp\/v2\/pages"}],"about":[{"href":"https:\/\/artpilo.myditex.fr\/en\/wp-json\/wp\/v2\/types\/page"}],"author":[{"embeddable":true,"href":"https:\/\/artpilo.myditex.fr\/en\/wp-json\/wp\/v2\/users\/1"}],"replies":[{"embeddable":true,"href":"https:\/\/artpilo.myditex.fr\/en\/wp-json\/wp\/v2\/comments?post=3"}],"version-history":[{"count":12,"href":"https:\/\/artpilo.myditex.fr\/en\/wp-json\/wp\/v2\/pages\/3\/revisions"}],"predecessor-version":[{"id":2072,"href":"https:\/\/artpilo.myditex.fr\/en\/wp-json\/wp\/v2\/pages\/3\/revisions\/2072"}],"wp:attachment":[{"href":"https:\/\/artpilo.myditex.fr\/en\/wp-json\/wp\/v2\/media?parent=3"}],"curies":[{"name":"wp","href":"https:\/\/api.w.org\/{rel}","templated":true}]}}