{"id":2085,"date":"2021-12-14T10:59:31","date_gmt":"2021-12-14T09:59:31","guid":{"rendered":"https:\/\/artpilo.myditex.fr\/?page_id=2085"},"modified":"2021-12-14T11:13:08","modified_gmt":"2021-12-14T10:13:08","slug":"conditions-generales-de-ventes","status":"publish","type":"page","link":"https:\/\/artpilo.myditex.fr\/en_gb\/conditions-generales-de-ventes\/","title":{"rendered":"Terms and conditions"},"content":{"rendered":"<div data-elementor-type=\"wp-page\" data-elementor-id=\"2085\" class=\"elementor elementor-2085\" data-elementor-settings=\"[]\">\n\t\t\t\t\t\t\t<div class=\"elementor-section-wrap\">\n\t\t\t\t\t\t\t<section data-particle_enable=\"false\" data-particle-mobile-disabled=\"false\" class=\"elementor-section elementor-top-section elementor-element elementor-element-99f6150 elementor-section-boxed elementor-section-height-default elementor-section-height-default\" data-id=\"99f6150\" data-element_type=\"section\">\n\t\t\t\t\t\t<div class=\"elementor-container elementor-column-gap-default\">\n\t\t\t\t\t<div class=\"elementor-column elementor-col-100 elementor-top-column elementor-element elementor-element-1e6d7e6\" data-id=\"1e6d7e6\" data-element_type=\"column\">\n\t\t\t<div class=\"elementor-widget-wrap elementor-element-populated\">\n\t\t\t\t\t\t\t\t<div class=\"elementor-element elementor-element-8264f60 elementor-widget elementor-widget-text-editor\" data-id=\"8264f60\" data-element_type=\"widget\" data-widget_type=\"text-editor.default\">\n\t\t\t\t<div class=\"elementor-widget-container\">\n\t\t\t<style>\/*! elementor - v3.5.6 - 28-02-2022 *\/\n.elementor-widget-text-editor.elementor-drop-cap-view-stacked .elementor-drop-cap{background-color:#818a91;color:#fff}.elementor-widget-text-editor.elementor-drop-cap-view-framed .elementor-drop-cap{color:#818a91;border:3px solid;background-color:transparent}.elementor-widget-text-editor:not(.elementor-drop-cap-view-default) .elementor-drop-cap{margin-top:8px}.elementor-widget-text-editor:not(.elementor-drop-cap-view-default) .elementor-drop-cap-letter{width:1em;height:1em}.elementor-widget-text-editor .elementor-drop-cap{float:left;text-align:center;line-height:1;font-size:50px}.elementor-widget-text-editor .elementor-drop-cap-letter{display:inline-block}<\/style>\t\t\t\t<h1><strong>CONDITIONS G\u00c9N\u00c9RALES DE VENTE<\/strong><\/h1><div><strong><br><\/strong><\/div>\n<p><strong>Au 1er&nbsp;janvier 202&amp;<\/strong><\/p>\n<p>Nous sommes heureux de vous accueillir sur notre site web&nbsp;<a href=\"http:\/\/www.artpilo.com\">www.artpilo.com<\/a>&nbsp;(\u00ab&nbsp;le Site&nbsp;\u00bb), \u00e9dit\u00e9 par la soci\u00e9t\u00e9 MYDITEX-My Digital Textile, Soci\u00e9t\u00e9&nbsp;\u00e0 responsabilit\u00e9 limit\u00e9e au capital de&nbsp;46 000 euros, immatricul\u00e9e au RCS de&nbsp;Lille M\u00e9tropole&nbsp;sous le num\u00e9ro 525 077 954, dont le si\u00e8ge social est 1 rue de Haarlem PA Ravennes Les Francs 59200&nbsp;&nbsp;TOURCOING (FRANCE)&nbsp; et dont le num\u00e9ro de TVA intracommunautaire est FR 46525077954.<\/p>\n<p>Les pr\u00e9sentes conditions g\u00e9n\u00e9rales de vente (\u00ab&nbsp;les Conditions&nbsp;\u00bb) sont conclues entre la soci\u00e9t\u00e9&nbsp;MYDITEX-My Digital Textile&nbsp;et les personnes physiques non commer\u00e7antes souhaitant effectuer un achat sur le Site (\u00ab&nbsp;l&#8217;Utilisateur&nbsp;\u00bb).<\/p>\n<p><br><\/p>\n<ol>\n<li><strong> Objet<\/strong><\/li>\n<\/ol>\n<p>Les pr\u00e9sentes Conditions sont accessibles sur le Site et peuvent \u00eatre consult\u00e9es \u00e0 tout moment par l&#8217;Utilisateur. Elles visent \u00e0 d\u00e9finir les modalit\u00e9s de vente entre&nbsp;MYDITEX-My Digital Textile et l&#8217;Utilisateur, de la commande \u00e0 la livraison, en passant par le paiement. Elles r\u00e8glent toutes les \u00e9tapes n\u00e9cessaires \u00e0 la passation de la commande en ligne et assurent le suivi de cette commande entre les parties contractantes. Ces conditions s\u2019appliquent \u00e0 titre exclusif aux Utilisateurs personnes physiques non commer\u00e7antes.<\/p>\n<p><br><\/p>\n<ol start=\"2\">\n<li><strong> Produits- Commande<\/strong><\/li>\n<\/ol>\n<p>Les produits r\u00e9gis par les pr\u00e9sentes Conditions sont ceux qui figurent sur le Site. Ils sont propos\u00e9s dans la limite des stocks disponibles.<\/p>\n<p>La commande ne peut \u00eatre valablement enregistr\u00e9e sur le Site que si l&#8217;Utilisateur s&#8217;est clairement et pr\u00e9alablement identifi\u00e9 avec son adresse email et son mot de passe. Pour toute premi\u00e8re commande, l\u2019Utilisateur devra se cr\u00e9er un compte sur le Site.<\/p>\n<p>Une fois le panier valid\u00e9, l\u2019Utilisateur devra choisir l\u2019adresse et le mode de livraison, accepter les pr\u00e9sentes Conditions et valider le mode de paiement, cette derni\u00e8re \u00e9tape formalisant son acceptation d\u00e9finitive.<\/p>\n<p>La commande sera valid\u00e9e par&nbsp;MYDITEX-My Digital Textile par courrier \u00e9lectronique. La vente ne sera consid\u00e9r\u00e9e comme d\u00e9finitive qu\u2019apr\u00e8s l\u2019envoi \u00e0 l\u2019Utilisateur de cette confirmation de commande et encaissement par&nbsp;MYDITEX-My Digital Textile de l\u2019int\u00e9gralit\u00e9 du prix. Les produits demeurent l&#8217;enti\u00e8re propri\u00e9t\u00e9 de&nbsp;MYDITEX-My Digital Textile jusqu&#8217;au complet encaissement du montant du prix et des frais.<\/p>\n<p>Si un produit n\u2019est plus disponible, la SARL MYDITEX-My Digital Textile s&#8217;engage \u00e0 vous en informer au plus vite par email. Vous pourrez alors demander l&#8217;annulation (remboursement par ch\u00e8que dans un d\u00e9lai de 30 jours) ou l&#8217;\u00e9change de votre commande.<\/p><p><br><\/p>\n<ol start=\"3\">\n<li><strong> Prix- Paiement<\/strong><\/li>\n<\/ol>\n<p>Les prix figurant sur ce site sont indiqu\u00e9s en Euros toutes taxes comprises hors participation aux frais d&#8217;envoi, et sont susceptibles de variation en cours d&#8217;ann\u00e9e. Les produits command\u00e9s sont factur\u00e9s au prix en vigueur lors de l&#8217;enregistrement de la commande. Les frais d\u2019envoi seront indiqu\u00e9s avant l\u2019enregistrement de la commande de l\u2019Utilisateur.<\/p>\n<p>Le r\u00e8glement de vos achats sur le site s&#8217;op\u00e8re exclusivement en Euros et s\u2019effectue par carte bancaire ou par ch\u00e8que \u00e9manant d\u2019un \u00e9tablissement bancaire fran\u00e7ais. Le paiement par carte bancaire s&#8217;effectue en ligne lors de la passation de commande et est enti\u00e8rement s\u00e9curis\u00e9. L&#8217;ensemble de la transaction est dirig\u00e9 en mode crypt\u00e9 vers un serveur de validation bancaire en mode SSL (Secure Socket Layer). Vous effectuez alors vos achats en toute s\u00e9curit\u00e9. Le paiement par ch\u00e8que suppose d\u2019adresser un ch\u00e8que libell\u00e9 \u00e0 l\u2019ordre de&nbsp;la SARL&nbsp;MYDITEX-My Digital Textile , en notant au dos le num\u00e9ro de la commande, dans les sept jours de la date de r\u00e9ception de l\u2019email de confirmation de la commande \u00e0 l\u2019adresse suivante&nbsp;: la SARL&nbsp;MYDITEX-My Digital Textile&nbsp;1 rue de Haarlem PA Ravennes Les Francs&nbsp;59200&nbsp;&nbsp;TOURCOING.<\/p><p><br><\/p>\n<ol start=\"4\">\n<li><strong> Livraison<\/strong><\/li>\n<\/ol>\n<p>Les produits seront livr\u00e9s \u00e0 l\u2019adresse de livraison indiqu\u00e9e par l\u2019Utilisateur sur le bon de commande&nbsp;; cette adresse pourra \u00eatre diff\u00e9rente de l\u2019adresse de facturation.&nbsp;la SARL&nbsp;MYDITEX-My Digital Textile s&#8217;engage \u00e0 effectuer les livraisons des articles command\u00e9s dans un d\u00e9lai raisonnable qui ne saurait exc\u00e9der deux semaines pour la France et trois semaines pour l\u2019Europe, par les services de la Poste, GLS et&nbsp;Chronopost (en cas d&#8217;adresse professionnelle). Tous les colis comportent un num\u00e9ro de suivi. En cas de perte du colis, aucune recherche sur le num\u00e9ro ne pourra \u00eatre effectu\u00e9e sans r\u00e9clamation de la part du client sous 15 jours, apr\u00e8s la date d&#8217;exp\u00e9dition. Frais de port : France m\u00e9tropolitaine, Andorre et Monaco : forfait de 7 \u20ac TTC pour toute commande jusque 60 \u20ac TTC . Pour les envois en Europe sur devis : veuillez contacter le service client\u00e8le. Pas de d\u00e9part les samedis, dimanches et jours f\u00e9ri\u00e9s.<\/p>\n<p>A d\u00e9faut de livraison sept jours apr\u00e8s l\u2019expiration du d\u00e9lai pr\u00e9vu pour la livraison, l\u2019Utilisateur a la possibilit\u00e9 d\u2019annuler sa commande en en faisant la demande \u00e9crite par e-mail \u00e0 l\u2019adresse&nbsp;: contact@artpilo.com. Les sommes vers\u00e9es par l\u2019Utilisateur lui seront alors rembours\u00e9es par ch\u00e8que dans un d\u00e9lai de 30 jours). Les retards de livraison ne sauraient justifier une demande de dommages et int\u00e9r\u00eats.<\/p><p><br><\/p>\n<ol start=\"5\">\n<li><strong> Droit de r\u00e9tractation l\u00e9gal<\/strong><\/li>\n<\/ol>\n<p>Conform\u00e9ment \u00e0 l&#8217;article L. 121-20 du code de la consommation, l\u2019Utilisateur dispose d&#8217;un d\u00e9lai de sept jours francs compter de la date de r\u00e9ception de sa commande, pour retourner \u00e0 ses frais, les produits command\u00e9s, et pour se faire rembourser. Le remboursement y compris les frais de livraison sera effectu\u00e9 dans les 30 jours suivant la date \u00e0 laquelle ce droit aura \u00e9t\u00e9 exerc\u00e9.<\/p><p><br><\/p>\n<ol start=\"6\">\n<li><strong> Garantie<\/strong><\/li>\n<\/ol>\n<p>Toutes les commandes sont v\u00e9rifi\u00e9es deux fois avant d\u2019\u00eatre exp\u00e9di\u00e9es. En cas d\u2019erreur de quantit\u00e9 ou de produits d\u00e9fectueux, la r\u00e9clamation devra \u00eatre faite aupr\u00e8s de&nbsp;la SARL&nbsp;MYDITEX-My Digital Textile sous 48h \u00e0 partir de la r\u00e9ception. Aucune r\u00e9clamation ne sera accept\u00e9e au-del\u00e0 de ce d\u00e9lai. Dans le cas d\u2019une r\u00e9clamation fond\u00e9e, nous remplacerons l\u2019article d\u00e9fectueux. Si nous ne pouvons pas remplacer l\u2019article, vous pourrez choisir un autre produit ou r\u00e9clamer le remboursement. Tous les articles peuvent faire l\u2019objet d\u2019un \u00e9change si non lav\u00e9s. L\u2019\u00e9change doit intervenir dans les 15 jours \u00e0 partir de la date de r\u00e9ception. L\u2019Utilisateur retournera \u00e0 ses frais l\u2019article \u00e0 \u00e9changer et les frais de port pour l\u2019envoi du nouvel article command\u00e9 seront \u00e0 la charge de la SARL&nbsp;MYDITEX-My Digital Textile. La prise en charge des frais de port par la SARL&nbsp;MYDITEX-My Digital Textile pour cause d\u2019\u00e9change est limit\u00e9e au premier \u00e9change sur une commande. Si le prix du produit demand\u00e9 en \u00e9change est d\u2019un montant sup\u00e9rieur au prix du produit initialement command\u00e9, l\u2019Utilisateur devra joindre \u00e0 la demande d\u2019\u00e9change un ch\u00e8que du montant de la diff\u00e9rence. Pour un montant inf\u00e9rieur, l\u2019utilisateur recevra de&nbsp;la SARL&nbsp;MYDITEX-My Digital Textile un ch\u00e8que du montant de la diff\u00e9rence. Adresse de retour pour les d\u00e9fauts et \u00e9changes :&nbsp;la SARL&nbsp;MYDITEX-My Digital Textile&nbsp;1 rue de Haarlem PA Ravennes Les Francs&nbsp;59200&nbsp;&nbsp;TOURCOING (FRANCE).<\/p><p><br><\/p>\n<ol start=\"7\">\n<li><strong> Signatures et preuves<\/strong><\/li>\n<\/ol>\n<p>La fourniture en ligne du num\u00e9ro de carte bancaire et la validation finale de la commande vaudront preuve de l&#8217;int\u00e9gralit\u00e9 de la dite commande conform\u00e9ment aux dispositions de la loi du 13 mars 2000 et vaudront exigibilit\u00e9 des sommes engag\u00e9es par la saisie des articles figurant sur le bon de commande. Cette validation vaut signature et acception expresse de toutes les op\u00e9rations effectu\u00e9es sur le site.&nbsp;<em>PREUVE :<\/em>&nbsp;les registres informatis\u00e9s, conserv\u00e9s dans les syst\u00e8mes informatiques de&nbsp;a SARL&nbsp;MYDITEX-My Digital Textile dans des conditions raisonnables de s\u00e9curit\u00e9, seront consid\u00e9r\u00e9s comme les preuves des communications, des commandes et des paiements intervenus entre les parties.&nbsp;<em>CONSERVATION ET ARCHIVAGES DES TRANSACTIONS :<\/em>&nbsp;l\u2019archivage des bons de commande et des factures est effectu\u00e9 sur un support fiable et durable de mani\u00e8re \u00e0 correspondre \u00e0 une copie fid\u00e8le et durable conform\u00e9ment \u00e0 l\u2019article 1348 du code civil.<\/p><p><br><\/p>\n<ol start=\"8\">\n<li><strong> Responsabilit\u00e9<\/strong><\/li>\n<\/ol>\n<p>La SARL&nbsp;MYDITEX-My Digital Textile&nbsp;ne saurait \u00eatre tenue pour responsable des dommages de toute nature qui pourrait r\u00e9sulter d\u2019une mauvaise utilisation des produits livr\u00e9s. De m\u00eame, la responsabilit\u00e9 de MYDITEX ne saurait \u00eatre engag\u00e9e pour tous les inconv\u00e9nients ou dommages inh\u00e9rents \u00e0 l&#8217;utilisation du r\u00e9seau Internet, notamment une rupture du service, une intrusion ext\u00e9rieure ou la pr\u00e9sence de virus informatiques, ou \u00e0 tout cas de force majeure.<\/p><p><br><\/p>\n<ol start=\"9\">\n<li><strong> Donn\u00e9es nominatives &#8211; cookies<\/strong><\/li>\n<\/ol>\n<p>L&#8217;utilisateur est inform\u00e9 que la commande donne lieu \u00e0 un traitement automatis\u00e9 d&#8217;informations personnelles, notamment des adresses e-mail des Utilisateurs,qui a fait l&#8217;objet d&#8217;une d\u00e9claration \u00e0 la CNIL sous le num\u00e9ro 1560973. L\u2019Utilisateur qui a express\u00e9ment donn\u00e9 son consentement, peut \u00eatre amen\u00e9 \u00e0 recevoir des propositions commerciales de La SARL&nbsp;MYDITEX-My Digital Textile. Conform\u00e9ment \u00e0 la loi du 6 janvier 1978, l&#8217;utilisateur dispose d&#8217;un droit d&#8217;acc\u00e8s, de rectification et de suppression des donn\u00e9es le concernant aupr\u00e8s de La SARL&nbsp;MYDITEX-My Digital Textile qu\u2019il peut exercer en adressant un email \u00e0&nbsp;<a href=\"mailto:contact@artpilo.com\">contact@artpilo.com<\/a>.<\/p>\n<p>Il est pr\u00e9cis\u00e9 que des cookies pourront \u00eatre implant\u00e9s dans l&#8217;ordinateur de l&#8217;Utilisateur lors de l&#8217;utilisation du Site. Un cookie n&#8217;a que pour but d&#8217;enregistrer des informations relatives \u00e0 la navigation de l&#8217;Utilisateur et permet une reconnexion sur le Site plus facile et \u00e9vite de remplir certains \u00e9l\u00e9ments pr\u00e9alablement demand\u00e9s. La configuration de votre navigateur Internet vous permet de refuser l&#8217;enregistrement de ces cookies.<\/p><p><br><\/p>\n<ol start=\"10\">\n<li><strong> Dur\u00e9e<\/strong><\/li>\n<\/ol>\n<p>Les pr\u00e9sentes Conditions s&#8217;appliqueront tant qu\u2019elles n\u2019auront pas \u00e9t\u00e9 remplac\u00e9es par d\u2019autres conditions g\u00e9n\u00e9rales de vente, plus actuelles, au moment de la commande.<\/p><p><br><\/p>\n<ol start=\"11\">\n<li><strong> Loi applicable &#8211; Comp\u00e9tence<\/strong><\/li>\n<\/ol>\n<p>Les pr\u00e9sentes Conditions sont soumises \u00e0 la loi fran\u00e7aise. Le Tribunal comp\u00e9tent en cas de litige sera celui du lieu du domicile du d\u00e9fendeur.<\/p><p><br><\/p>\n<ol start=\"12\">\n<li><strong> Service client\u00e8le<\/strong><\/li>\n<\/ol>\n<p>Pour toute information, question ou conseil, notre service client\u00e8le est \u00e0 votre disposition : &#8211; Courrier : SARL Myditex &#8211; My Digital Textile, 1 rue de Haarlem PA Ravennes Les Francs 59200 TOURCOING (FRANCE)- Email :&nbsp;<a href=\"mailto:contact@artpilo.com\" style=\"background-color: #ffffff; transition-property: all;\">contact@artpilo.com<\/a>&nbsp;&#8211; Tel. : 03 20 03 25 36<\/p>\n<p><em>Trademark \u2122 ARTPILO. Tous droits r\u00e9serv\u00e9s.<\/em><\/p>\t\t\t\t\t\t<\/div>\n\t\t\t\t<\/div>\n\t\t\t\t\t<\/div>\n\t\t<\/div>\n\t\t\t\t\t\t\t<\/div>\n\t\t<\/section>\n\t\t\t\t\t\t<\/div>\n\t\t\t\t\t<\/div>","protected":false},"excerpt":{"rendered":"<p>CONDITIONS G\u00c9N\u00c9RALES DE VENTE Au 1er&nbsp;janvier 202&amp; Nous sommes heureux de vous accueillir sur notre site web&nbsp;www.artpilo.com&nbsp;(\u00ab&nbsp;le Site&nbsp;\u00bb), \u00e9dit\u00e9 par la soci\u00e9t\u00e9 MYDITEX-My Digital Textile, Soci\u00e9t\u00e9&nbsp;\u00e0 responsabilit\u00e9 limit\u00e9e au capital de&nbsp;46 000 euros, immatricul\u00e9e au RCS de&nbsp;Lille M\u00e9tropole&nbsp;sous le num\u00e9ro 525 077 954, dont le si\u00e8ge social est 1 rue [&hellip;]<\/p>","protected":false},"author":1,"featured_media":0,"parent":0,"menu_order":0,"comment_status":"closed","ping_status":"closed","template":"page-templates\/template-pagebuilder-full-width.php","meta":{"advanced_seo_description":"","spay_email":""},"_links":{"self":[{"href":"https:\/\/artpilo.myditex.fr\/en_gb\/wp-json\/wp\/v2\/pages\/2085"}],"collection":[{"href":"https:\/\/artpilo.myditex.fr\/en_gb\/wp-json\/wp\/v2\/pages"}],"about":[{"href":"https:\/\/artpilo.myditex.fr\/en_gb\/wp-json\/wp\/v2\/types\/page"}],"author":[{"embeddable":true,"href":"https:\/\/artpilo.myditex.fr\/en_gb\/wp-json\/wp\/v2\/users\/1"}],"replies":[{"embeddable":true,"href":"https:\/\/artpilo.myditex.fr\/en_gb\/wp-json\/wp\/v2\/comments?post=2085"}],"version-history":[{"count":4,"href":"https:\/\/artpilo.myditex.fr\/en_gb\/wp-json\/wp\/v2\/pages\/2085\/revisions"}],"predecessor-version":[{"id":2089,"href":"https:\/\/artpilo.myditex.fr\/en_gb\/wp-json\/wp\/v2\/pages\/2085\/revisions\/2089"}],"wp:attachment":[{"href":"https:\/\/artpilo.myditex.fr\/en_gb\/wp-json\/wp\/v2\/media?parent=2085"}],"curies":[{"name":"wp","href":"https:\/\/api.w.org\/{rel}","templated":true}]}}