{"id":3571,"date":"2022-01-10T09:42:31","date_gmt":"2022-01-10T08:42:31","guid":{"rendered":"https:\/\/artpilo.myditex.fr\/?page_id=3571"},"modified":"2022-01-12T11:08:52","modified_gmt":"2022-01-12T10:08:52","slug":"collections","status":"publish","type":"page","link":"https:\/\/artpilo.myditex.fr\/en_gb\/collections\/","title":{"rendered":"collections"},"content":{"rendered":"<div data-elementor-type=\"wp-page\" data-elementor-id=\"3571\" class=\"elementor elementor-3571\" data-elementor-settings=\"[]\">\n\t\t\t\t\t\t\t<div class=\"elementor-section-wrap\">\n\t\t\t\t\t\t\t<section data-particle_enable=\"false\" data-particle-mobile-disabled=\"false\" class=\"elementor-section elementor-top-section elementor-element elementor-element-0200ba2 elementor-section-boxed elementor-section-height-default elementor-section-height-default\" data-id=\"0200ba2\" data-element_type=\"section\">\n\t\t\t\t\t\t<div class=\"elementor-container elementor-column-gap-default\">\n\t\t\t\t\t<div class=\"elementor-column elementor-col-100 elementor-top-column elementor-element elementor-element-2c62cc9\" data-id=\"2c62cc9\" data-element_type=\"column\">\n\t\t\t<div class=\"elementor-widget-wrap elementor-element-populated\">\n\t\t\t\t\t\t\t\t<div class=\"elementor-element elementor-element-d0efba7 e-transform elementor-widget elementor-widget-text-editor\" data-id=\"d0efba7\" data-element_type=\"widget\" data-settings=\"{&quot;_transform_rotateZ_effect_mobile&quot;:{&quot;unit&quot;:&quot;px&quot;,&quot;size&quot;:0,&quot;sizes&quot;:[]},&quot;_transform_rotateZ_effect&quot;:{&quot;unit&quot;:&quot;px&quot;,&quot;size&quot;:&quot;&quot;,&quot;sizes&quot;:[]},&quot;_transform_rotateZ_effect_tablet&quot;:{&quot;unit&quot;:&quot;px&quot;,&quot;size&quot;:&quot;&quot;,&quot;sizes&quot;:[]}}\" data-widget_type=\"text-editor.default\">\n\t\t\t\t<div class=\"elementor-widget-container\">\n\t\t\t<style>\/*! elementor - v3.5.6 - 28-02-2022 *\/\n.elementor-widget-text-editor.elementor-drop-cap-view-stacked .elementor-drop-cap{background-color:#818a91;color:#fff}.elementor-widget-text-editor.elementor-drop-cap-view-framed .elementor-drop-cap{color:#818a91;border:3px solid;background-color:transparent}.elementor-widget-text-editor:not(.elementor-drop-cap-view-default) .elementor-drop-cap{margin-top:8px}.elementor-widget-text-editor:not(.elementor-drop-cap-view-default) .elementor-drop-cap-letter{width:1em;height:1em}.elementor-widget-text-editor .elementor-drop-cap{float:left;text-align:center;line-height:1;font-size:50px}.elementor-widget-text-editor .elementor-drop-cap-letter{display:inline-block}<\/style>\t\t\t\t<p>Les gammes <strong>SERIES &amp; SPECIAL EDITION<\/strong> proposent des collections de <a href=\"https:\/\/artpilo.myditex.fr\/en_gb\/product-category\/boutique\/coussins\/\" target=\"_blank\" rel=\"noopener\"><strong>coussins<\/strong><\/a>, <a href=\"https:\/\/artpilo.myditex.fr\/en_gb\/product-category\/boutique\/pochettes\/\" target=\"_blank\" rel=\"noopener\"><strong>pochettes<\/strong><\/a>, <a href=\"https:\/\/artpilo.myditex.fr\/en_gb\/product-category\/boutique\/tableaux\/\" target=\"_blank\" rel=\"noopener\"><strong>tableaux<\/strong><\/a>, <a href=\"https:\/\/artpilo.myditex.fr\/en_gb\/product-category\/boutique\/torchons\/\" target=\"_blank\" rel=\"noopener\"><strong>torchons<\/strong> <\/a>et <a href=\"https:\/\/artpilo.myditex.fr\/en_gb\/product-category\/boutique\/chiliennes\/\" target=\"_blank\" rel=\"noopener\"><strong>transats<\/strong> <\/a>solaires aux designs uniques et finitions soign\u00e9es.&nbsp;<span style=\"font-size: inherit; color: var( --e-global-color-secondary ); font-family: var( --e-global-typography-secondary-font-family ), Sans-serif; font-weight: var( --e-global-typography-secondary-font-weight );\">Color\u00e9s, tendances, fun, chics et d\u00e9cal\u00e9s, <\/span><strong style=\"font-size: inherit; color: var( --e-global-color-secondary ); font-family: var( --e-global-typography-secondary-font-family ), Sans-serif;\">les mod\u00e8les s&#8217;y d\u00e9clinent sur tous nos formats, mati\u00e8res<\/strong><span style=\"font-size: inherit; color: var( --e-global-color-secondary ); font-family: var( --e-global-typography-secondary-font-family ), Sans-serif; font-weight: var( --e-global-typography-secondary-font-weight );\"> (indoor\/outdoor) <\/span><strong style=\"font-size: inherit; color: var( --e-global-color-secondary ); font-family: var( --e-global-typography-secondary-font-family ), Sans-serif;\">et couleurs<\/strong><span style=\"font-size: inherit; color: var( --e-global-color-secondary ); font-family: var( --e-global-typography-secondary-font-family ), Sans-serif; font-weight: var( --e-global-typography-secondary-font-weight );\">.<\/span><\/p>\t\t\t\t\t\t<\/div>\n\t\t\t\t<\/div>\n\t\t\t\t<div class=\"elementor-element elementor-element-887578c elementor-widget elementor-widget-image\" data-id=\"887578c\" data-element_type=\"widget\" data-widget_type=\"image.default\">\n\t\t\t\t<div class=\"elementor-widget-container\">\n\t\t\t<style>\/*! elementor - v3.5.6 - 28-02-2022 *\/\n.elementor-widget-image{text-align:center}.elementor-widget-image a{display:inline-block}.elementor-widget-image a img[src$=\".svg\"]{width:48px}.elementor-widget-image img{vertical-align:middle;display:inline-block}<\/style>\t\t\t\t\t\t\t\t\t\t\t\t<img width=\"2048\" height=\"1366\" src=\"https:\/\/i0.wp.com\/artpilo.myditex.fr\/wp-content\/uploads\/2021\/12\/Le-Shop.png?fit=2048%2C1366&amp;ssl=1\" class=\"attachment-2048x2048 size-2048x2048 wvs-attachment-image\" alt=\"Vitrine Boutique Artpilo\" loading=\"lazy\" srcset=\"https:\/\/i0.wp.com\/artpilo.myditex.fr\/wp-content\/uploads\/2021\/12\/Le-Shop.png?w=2560&amp;ssl=1 2560w, https:\/\/i0.wp.com\/artpilo.myditex.fr\/wp-content\/uploads\/2021\/12\/Le-Shop.png?resize=300%2C200&amp;ssl=1 300w, https:\/\/i0.wp.com\/artpilo.myditex.fr\/wp-content\/uploads\/2021\/12\/Le-Shop.png?resize=1024%2C683&amp;ssl=1 1024w, https:\/\/i0.wp.com\/artpilo.myditex.fr\/wp-content\/uploads\/2021\/12\/Le-Shop.png?resize=768%2C512&amp;ssl=1 768w, https:\/\/i0.wp.com\/artpilo.myditex.fr\/wp-content\/uploads\/2021\/12\/Le-Shop.png?resize=1536%2C1024&amp;ssl=1 1536w, https:\/\/i0.wp.com\/artpilo.myditex.fr\/wp-content\/uploads\/2021\/12\/Le-Shop.png?resize=2048%2C1366&amp;ssl=1 2048w, https:\/\/i0.wp.com\/artpilo.myditex.fr\/wp-content\/uploads\/2021\/12\/Le-Shop.png?resize=18%2C12&amp;ssl=1 18w, https:\/\/i0.wp.com\/artpilo.myditex.fr\/wp-content\/uploads\/2021\/12\/Le-Shop.png?resize=360%2C240&amp;ssl=1 360w, https:\/\/i0.wp.com\/artpilo.myditex.fr\/wp-content\/uploads\/2021\/12\/Le-Shop.png?resize=1320%2C880&amp;ssl=1 1320w, https:\/\/i0.wp.com\/artpilo.myditex.fr\/wp-content\/uploads\/2021\/12\/Le-Shop.png?resize=600%2C400&amp;ssl=1 600w, https:\/\/i0.wp.com\/artpilo.myditex.fr\/wp-content\/uploads\/2021\/12\/Le-Shop.png?w=2250&amp;ssl=1 2250w\" sizes=\"(max-width: 750px) 100vw, 750px\" data-attachment-id=\"2161\" data-permalink=\"https:\/\/artpilo.myditex.fr\/en_gb\/le-shop\/\" data-orig-file=\"https:\/\/i0.wp.com\/artpilo.myditex.fr\/wp-content\/uploads\/2021\/12\/Le-Shop.png?fit=2560%2C1707&amp;ssl=1\" data-orig-size=\"2560,1707\" data-comments-opened=\"1\" data-image-meta=\"{&quot;aperture&quot;:&quot;0&quot;,&quot;credit&quot;:&quot;&quot;,&quot;camera&quot;:&quot;&quot;,&quot;caption&quot;:&quot;&quot;,&quot;created_timestamp&quot;:&quot;0&quot;,&quot;copyright&quot;:&quot;&quot;,&quot;focal_length&quot;:&quot;0&quot;,&quot;iso&quot;:&quot;0&quot;,&quot;shutter_speed&quot;:&quot;0&quot;,&quot;title&quot;:&quot;&quot;,&quot;orientation&quot;:&quot;0&quot;}\" data-image-title=\"Vitrine Boutique Artpilo\" data-image-description=\"&lt;p&gt;Coussins, tableaux, Chiliennes\/transats, torchons, pochettes, nos collections se d\u00e9clinent sur toutes les couleurs et tous les produits pour mieux s&#8217;assembler, &#8230;&lt;\/p&gt;\" data-image-caption=\"&lt;p&gt;Coussins, tableaux, Chiliennes\/transats, torchons, pochettes, nos collections se d\u00e9clinent sur toutes les couleurs et tous les produits pour mieux s&#8217;assembler, &#8230;&lt;\/p&gt;\" data-medium-file=\"https:\/\/i0.wp.com\/artpilo.myditex.fr\/wp-content\/uploads\/2021\/12\/Le-Shop.png?fit=300%2C200&amp;ssl=1\" data-large-file=\"https:\/\/i0.wp.com\/artpilo.myditex.fr\/wp-content\/uploads\/2021\/12\/Le-Shop.png?fit=750%2C500&amp;ssl=1\" \/>\t\t\t\t\t\t\t\t\t\t\t\t\t\t\t<\/div>\n\t\t\t\t<\/div>\n\t\t\t\t\t<\/div>\n\t\t<\/div>\n\t\t\t\t\t\t\t<\/div>\n\t\t<\/section>\n\t\t\t\t<section data-particle_enable=\"false\" data-particle-mobile-disabled=\"false\" class=\"elementor-section elementor-top-section elementor-element elementor-element-12ecf37 elementor-section-boxed elementor-section-height-default elementor-section-height-default\" data-id=\"12ecf37\" data-element_type=\"section\">\n\t\t\t\t\t\t<div class=\"elementor-container elementor-column-gap-default\">\n\t\t\t\t\t<div class=\"elementor-column elementor-col-100 elementor-top-column elementor-element elementor-element-3f8eae4\" data-id=\"3f8eae4\" data-element_type=\"column\">\n\t\t\t<div class=\"elementor-widget-wrap elementor-element-populated\">\n\t\t\t\t\t\t\t\t<div class=\"elementor-element elementor-element-192e073 elementor-widget-divider--separator-type-pattern elementor-widget-divider--no-spacing elementor-widget-divider--view-line elementor-widget elementor-widget-divider\" data-id=\"192e073\" data-element_type=\"widget\" data-widget_type=\"divider.default\">\n\t\t\t\t<div class=\"elementor-widget-container\">\n\t\t\t<style>\/*! elementor - v3.5.6 - 28-02-2022 *\/\n.elementor-widget-divider{--divider-border-style:none;--divider-border-width:1px;--divider-color:#2c2c2c;--divider-icon-size:20px;--divider-element-spacing:10px;--divider-pattern-height:24px;--divider-pattern-size:20px;--divider-pattern-url:none;--divider-pattern-repeat:repeat-x}.elementor-widget-divider .elementor-divider{display:-webkit-box;display:-ms-flexbox;display:flex}.elementor-widget-divider .elementor-divider__text{font-size:15px;line-height:1;max-width:95%}.elementor-widget-divider .elementor-divider__element{margin:0 var(--divider-element-spacing);-ms-flex-negative:0;flex-shrink:0}.elementor-widget-divider .elementor-icon{font-size:var(--divider-icon-size)}.elementor-widget-divider .elementor-divider-separator{display:-webkit-box;display:-ms-flexbox;display:flex;margin:0;direction:ltr}.elementor-widget-divider--view-line_icon .elementor-divider-separator,.elementor-widget-divider--view-line_text .elementor-divider-separator{-webkit-box-align:center;-ms-flex-align:center;align-items:center}.elementor-widget-divider--view-line_icon .elementor-divider-separator:after,.elementor-widget-divider--view-line_icon .elementor-divider-separator:before,.elementor-widget-divider--view-line_text .elementor-divider-separator:after,.elementor-widget-divider--view-line_text .elementor-divider-separator:before{display:block;content:\"\";border-bottom:0;-webkit-box-flex:1;-ms-flex-positive:1;flex-grow:1;border-top:var(--divider-border-width) var(--divider-border-style) var(--divider-color)}.elementor-widget-divider--element-align-left .elementor-divider .elementor-divider-separator>.elementor-divider__svg:first-of-type{-webkit-box-flex:0;-ms-flex-positive:0;flex-grow:0;-ms-flex-negative:100;flex-shrink:100}.elementor-widget-divider--element-align-left .elementor-divider-separator:before{content:none}.elementor-widget-divider--element-align-left .elementor-divider__element{margin-left:0}.elementor-widget-divider--element-align-right .elementor-divider .elementor-divider-separator>.elementor-divider__svg:last-of-type{-webkit-box-flex:0;-ms-flex-positive:0;flex-grow:0;-ms-flex-negative:100;flex-shrink:100}.elementor-widget-divider--element-align-right .elementor-divider-separator:after{content:none}.elementor-widget-divider--element-align-right .elementor-divider__element{margin-right:0}.elementor-widget-divider:not(.elementor-widget-divider--view-line_text):not(.elementor-widget-divider--view-line_icon) .elementor-divider-separator{border-top:var(--divider-border-width) var(--divider-border-style) var(--divider-color)}.elementor-widget-divider--separator-type-pattern{--divider-border-style:none}.elementor-widget-divider--separator-type-pattern.elementor-widget-divider--view-line .elementor-divider-separator,.elementor-widget-divider--separator-type-pattern:not(.elementor-widget-divider--view-line) .elementor-divider-separator:after,.elementor-widget-divider--separator-type-pattern:not(.elementor-widget-divider--view-line) .elementor-divider-separator:before,.elementor-widget-divider--separator-type-pattern:not([class*=elementor-widget-divider--view]) .elementor-divider-separator{width:100%;min-height:var(--divider-pattern-height);-webkit-mask-size:var(--divider-pattern-size) 100%;mask-size:var(--divider-pattern-size) 100%;-webkit-mask-repeat:var(--divider-pattern-repeat);mask-repeat:var(--divider-pattern-repeat);background-color:var(--divider-color);-webkit-mask-image:var(--divider-pattern-url);mask-image:var(--divider-pattern-url)}.elementor-widget-divider--no-spacing{--divider-pattern-size:auto}.elementor-widget-divider--bg-round{--divider-pattern-repeat:round}.rtl .elementor-widget-divider .elementor-divider__text{direction:rtl}<\/style>\t\t<div class=\"elementor-divider\" style=\"--divider-pattern-url: url(&quot;data:image\/svg+xml,%3Csvg xmlns=&#039;http:\/\/www.w3.org\/2000\/svg&#039; preserveAspectRatio=&#039;xMidYMid meet&#039; overflow=&#039;visible&#039; height=&#039;100%&#039; viewBox=&#039;0 0 126 26&#039; fill=&#039;black&#039; stroke=&#039;none&#039;%3E%3Cpath d=&#039;M3,10.2c2.6,0,2.6,2,2.6,3.2S4.4,16.5,3,16.5s-3-1.4-3-3.2S0.4,10.2,3,10.2z M18.8,10.2c1.7,0,3.2,1.4,3.2,3.2s-1.4,3.2-3.2,3.2c-1.7,0-3.2-1.4-3.2-3.2S17,10.2,18.8,10.2z M34.6,10.2c1.5,0,2.6,1.4,2.6,3.2s-0.5,3.2-1.9,3.2c-1.5,0-3.4-1.4-3.4-3.2S33.1,10.2,34.6,10.2z M50.5,10.2c1.7,0,3.2,1.4,3.2,3.2s-1.4,3.2-3.2,3.2c-1.7,0-3.3-0.9-3.3-2.6S48.7,10.2,50.5,10.2z M66.2,10.2c1.5,0,3.4,1.4,3.4,3.2s-1.9,3.2-3.4,3.2c-1.5,0-2.6-0.4-2.6-2.1S64.8,10.2,66.2,10.2z M82.2,10.2c1.7,0.8,2.6,1.4,2.6,3.2s-0.1,3.2-1.6,3.2c-1.5,0-3.7-1.4-3.7-3.2S80.5,9.4,82.2,10.2zM98.6,10.2c1.5,0,2.6,0.4,2.6,2.1s-1.2,4.2-2.6,4.2c-1.5,0-3.7-0.4-3.7-2.1S97.1,10.2,98.6,10.2z M113.4,10.2c1.2,0,2.2,0.9,2.2,3.2s-0.1,3.2-1.3,3.2s-3.1-1.4-3.1-3.2S112.2,10.2,113.4,10.2z&#039;\/%3E%3C\/svg%3E&quot;);\">\n\t\t\t<span class=\"elementor-divider-separator\">\n\t\t\t\t\t\t<\/span>\n\t\t<\/div>\n\t\t\t\t<\/div>\n\t\t\t\t<\/div>\n\t\t\t\t\t<\/div>\n\t\t<\/div>\n\t\t\t\t\t\t\t<\/div>\n\t\t<\/section>\n\t\t\t\t<section data-particle_enable=\"false\" data-particle-mobile-disabled=\"false\" class=\"elementor-section elementor-top-section elementor-element elementor-element-00bf92d elementor-section-boxed elementor-section-height-default elementor-section-height-default\" data-id=\"00bf92d\" data-element_type=\"section\">\n\t\t\t\t\t\t<div class=\"elementor-container elementor-column-gap-default\">\n\t\t\t\t\t<section class=\"elementor-column elementor-col-50 elementor-top-column elementor-element elementor-element-d79c734\" data-id=\"d79c734\" data-element_type=\"column\">\n\t\t\t<div class=\"elementor-widget-wrap elementor-element-populated\">\n\t\t\t\t\t\t\t\t<div class=\"elementor-element elementor-element-fa34786 elementor-widget elementor-widget-heading\" data-id=\"fa34786\" data-element_type=\"widget\" data-widget_type=\"heading.default\">\n\t\t\t\t<div class=\"elementor-widget-container\">\n\t\t\t<style>\/*! elementor - v3.5.6 - 28-02-2022 *\/\n.elementor-heading-title{padding:0;margin:0;line-height:1}.elementor-widget-heading .elementor-heading-title[class*=elementor-size-]>a{color:inherit;font-size:inherit;line-height:inherit}.elementor-widget-heading .elementor-heading-title.elementor-size-small{font-size:15px}.elementor-widget-heading .elementor-heading-title.elementor-size-medium{font-size:19px}.elementor-widget-heading .elementor-heading-title.elementor-size-large{font-size:29px}.elementor-widget-heading .elementor-heading-title.elementor-size-xl{font-size:39px}.elementor-widget-heading .elementor-heading-title.elementor-size-xxl{font-size:59px}<\/style><h2 class=\"elementor-heading-title elementor-size-default\">D\u00e9couvrez nos collections de coussins<\/h2>\t\t<\/div>\n\t\t\t\t<\/div>\n\t\t\t\t\t<\/div>\n\t\t<\/section>\n\t\t\t\t<div class=\"elementor-column elementor-col-50 elementor-top-column elementor-element elementor-element-b156a8c\" data-id=\"b156a8c\" data-element_type=\"column\">\n\t\t\t<div class=\"elementor-widget-wrap elementor-element-populated\">\n\t\t\t\t\t\t\t\t<div class=\"elementor-element elementor-element-efd7131 elementor-widget elementor-widget-text-editor\" data-id=\"efd7131\" data-element_type=\"widget\" data-widget_type=\"text-editor.default\">\n\t\t\t\t<div class=\"elementor-widget-container\">\n\t\t\t\t\t\t\t<p>Artpilo propose une collection de <a href=\"https:\/\/artpilo.myditex.fr\/en_gb\/product-category\/boutique\/coussins\/\" target=\"_blank\" rel=\"noopener\"><strong>coussins d\u00e9coratifs color\u00e9s<\/strong><\/a> et de <strong>qualit\u00e9<\/strong> imprim\u00e9s par nos soins sur un <strong>tissu aspect velours<\/strong>. Nos coussins sont tous <strong>confectionn\u00e9s dans nos ateliers situ\u00e9s dans les Hauts de France<\/strong> par une \u00e9quipe de passionn\u00e9s et soucieuse de la qualit\u00e9 du <strong>Fabriqu\u00e9 en France.<\/strong><\/p>\t\t\t\t\t\t<\/div>\n\t\t\t\t<\/div>\n\t\t\t\t\t<\/div>\n\t\t<\/div>\n\t\t\t\t\t\t\t<\/div>\n\t\t<\/section>\n\t\t\t\t<section data-particle_enable=\"false\" data-particle-mobile-disabled=\"false\" class=\"elementor-section elementor-top-section elementor-element elementor-element-a1f285a elementor-section-boxed elementor-section-height-default elementor-section-height-default\" data-id=\"a1f285a\" data-element_type=\"section\">\n\t\t\t\t\t\t<div class=\"elementor-container elementor-column-gap-default\">\n\t\t\t\t\t<div class=\"elementor-column elementor-col-100 elementor-top-column elementor-element elementor-element-23cb9f3\" data-id=\"23cb9f3\" data-element_type=\"column\">\n\t\t\t<div class=\"elementor-widget-wrap elementor-element-populated\">\n\t\t\t\t\t\t\t\t<div class=\"elementor-element elementor-element-8f4e62f elementor--h-position-center elementor--v-position-middle elementor-arrows-position-inside elementor-pagination-position-inside elementor-widget elementor-widget-slides\" data-id=\"8f4e62f\" data-element_type=\"widget\" data-settings=\"{&quot;navigation&quot;:&quot;both&quot;,&quot;autoplay&quot;:&quot;yes&quot;,&quot;pause_on_hover&quot;:&quot;yes&quot;,&quot;pause_on_interaction&quot;:&quot;yes&quot;,&quot;autoplay_speed&quot;:5000,&quot;infinite&quot;:&quot;yes&quot;,&quot;transition&quot;:&quot;slide&quot;,&quot;transition_speed&quot;:500}\" data-widget_type=\"slides.default\">\n\t\t\t\t<div class=\"elementor-widget-container\">\n\t\t\t<style>\/*! elementor-pro - v3.6.3 - 28-02-2022 *\/\n.elementor-slides .swiper-slide-bg{background-size:cover;background-position:50%;background-repeat:no-repeat;min-width:100%;min-height:100%}.elementor-slides .swiper-slide-inner{background-repeat:no-repeat;background-position:50%;position:absolute;top:0;left:0;bottom:0;right:0;padding:50px;margin:auto}.elementor-slides .swiper-slide-inner,.elementor-slides .swiper-slide-inner:hover{color:#fff;display:-webkit-box;display:-ms-flexbox;display:flex}.elementor-slides .swiper-slide-inner .elementor-background-overlay{position:absolute;z-index:0;top:0;bottom:0;left:0;right:0}.elementor-slides .swiper-slide-inner .elementor-slide-content{position:relative;z-index:1;width:100%}.elementor-slides .swiper-slide-inner .elementor-slide-heading{font-size:35px;font-weight:700;line-height:1}.elementor-slides .swiper-slide-inner .elementor-slide-description{font-size:17px;line-height:1.4}.elementor-slides .swiper-slide-inner .elementor-slide-description:not(:last-child),.elementor-slides .swiper-slide-inner .elementor-slide-heading:not(:last-child){margin-bottom:30px}.elementor-slides .swiper-slide-inner .elementor-slide-button{border:2px solid #fff;color:#fff;background:transparent;display:inline-block}.elementor-slides .swiper-slide-inner .elementor-slide-button,.elementor-slides .swiper-slide-inner .elementor-slide-button:hover{background:transparent;color:inherit;text-decoration:none}.elementor--v-position-top .swiper-slide-inner{-webkit-box-align:start;-ms-flex-align:start;align-items:flex-start}.elementor--v-position-bottom .swiper-slide-inner{-webkit-box-align:end;-ms-flex-align:end;align-items:flex-end}.elementor--v-position-middle .swiper-slide-inner{-webkit-box-align:center;-ms-flex-align:center;align-items:center}.elementor--h-position-left .swiper-slide-inner{-webkit-box-pack:start;-ms-flex-pack:start;justify-content:flex-start}.elementor--h-position-right .swiper-slide-inner{-webkit-box-pack:end;-ms-flex-pack:end;justify-content:flex-end}.elementor--h-position-center .swiper-slide-inner{-webkit-box-pack:center;-ms-flex-pack:center;justify-content:center}body.rtl .elementor-widget-slides .elementor-swiper-button-next{left:10px;right:auto}body.rtl .elementor-widget-slides .elementor-swiper-button-prev{right:10px;left:auto}.elementor-slides-wrapper div:not(.swiper-slide)>.swiper-slide-inner{display:none}@media (max-width:767px){.elementor-slides .swiper-slide-inner{padding:30px}.elementor-slides .swiper-slide-inner .elementor-slide-heading{font-size:23px;line-height:1;margin-bottom:15px}.elementor-slides .swiper-slide-inner .elementor-slide-description{font-size:13px;line-height:1.4;margin-bottom:15px}}<\/style>\t\t<div class=\"elementor-swiper\">\n\t\t\t<div class=\"elementor-slides-wrapper elementor-main-swiper swiper-container\" dir=\"ltr\" data-animation=\"fadeInUp\">\n\t\t\t\t<div class=\"swiper-wrapper elementor-slides\">\n\t\t\t\t\t\t\t\t\t\t<div class=\"elementor-repeater-item-867a2e8 swiper-slide\"><div class=\"swiper-slide-bg elementor-ken-burns elementor-ken-burns--in\"><\/div><div class=\"swiper-slide-inner\" ><div class=\"swiper-slide-contents\"><div class=\"elementor-slide-heading\">Collections de coussins<\/div><div class=\"elementor-slide-description\">Artpilo propose une collection de coussins d\u00e9coratifs color\u00e9s et de qualit\u00e9 imprim\u00e9s par nos soins sur un tissu aspect velours. Nos coussins sont tous confectionn\u00e9s dans nos ateliers situ\u00e9s dans les Hauts de France par une \u00e9quipe de passionn\u00e9s et soucieuse de la qualit\u00e9 du Made in France<\/div><a href=\"https:\/\/artpilo.myditex.fr\/en_gb\/product-category\/boutique\/coussins\/\" target=\"_blank\" class=\"elementor-button elementor-slide-button elementor-size-sm\">VOIR<\/a><\/div><\/div><\/div><div class=\"elementor-repeater-item-1e5ae02 swiper-slide\"><div class=\"swiper-slide-bg elementor-ken-burns elementor-ken-burns--in\"><\/div><div class=\"swiper-slide-inner\" ><div class=\"swiper-slide-contents\"><div class=\"elementor-slide-heading\">Collection de tableaux<\/div><div class=\"elementor-slide-description\">Artpilo propose une collection de tableaux imprim\u00e9s sur une toile  velours. Qui donne un rendu des couleurs et un touch\u00e9 incomparable. Ils sont \u00e9galement issus d\u2019une production locale dans les Hauts de France.<\/div><a href=\"https:\/\/artpilo.myditex.fr\/en_gb\/product-category\/boutique\/tableaux\/\" target=\"_blank\" class=\"elementor-button elementor-slide-button elementor-size-sm\">VOIR<\/a><\/div><\/div><\/div><div class=\"elementor-repeater-item-e3a190f swiper-slide\"><div class=\"swiper-slide-bg\"><\/div><div class=\"swiper-slide-inner\" ><div class=\"swiper-slide-contents\"><div class=\"elementor-slide-heading\">Collection de transats \/ Chiliennes<\/div><div class=\"elementor-slide-description\">Artpilo propose \u00e9galement une gamme de transats aux visuels exotiques et originaux. Donnant une touche d\u2019exotisme \u00e0 vos ext\u00e9rieurs. Ils sont imprim\u00e9s sur une toile outdoor et d\u00e9perlante, les transats ARTPILO sont une touche d\u2019originalit\u00e9 pour votre salon d\u2019\u00e9t\u00e9<\/div><a href=\"https:\/\/artpilo.myditex.fr\/en_gb\/product-category\/boutique\/chiliennes\/\" target=\"_blank\" class=\"elementor-button elementor-slide-button elementor-size-sm\">VOIR<\/a><\/div><\/div><\/div>\t\t\t\t<\/div>\n\t\t\t\t\t\t\t\t\t\t\t\t\t\t\t<div class=\"swiper-pagination\"><\/div>\n\t\t\t\t\t\t\t\t\t\t\t\t\t\t\t\t<div class=\"elementor-swiper-button elementor-swiper-button-prev\">\n\t\t\t\t\t\t\t<i aria-hidden=\"true\" class=\"eicon-chevron-left\"><\/i>\t\t\t\t\t\t\t<span class=\"elementor-screen-only\">Previous<\/span>\n\t\t\t\t\t\t<\/div>\n\t\t\t\t\t\t<div class=\"elementor-swiper-button elementor-swiper-button-next\">\n\t\t\t\t\t\t\t<i aria-hidden=\"true\" class=\"eicon-chevron-right\"><\/i>\t\t\t\t\t\t\t<span class=\"elementor-screen-only\">Next<\/span>\n\t\t\t\t\t\t<\/div>\n\t\t\t\t\t\t\t\t\t\t\t\t<\/div>\n\t\t<\/div>\n\t\t\t\t<\/div>\n\t\t\t\t<\/div>\n\t\t\t\t\t<\/div>\n\t\t<\/div>\n\t\t\t\t\t\t\t<\/div>\n\t\t<\/section>\n\t\t\t\t\t\t<\/div>\n\t\t\t\t\t<\/div>","protected":false},"excerpt":{"rendered":"<p>Les gammes SERIES &amp; SPECIAL EDITION proposent des collections de coussins, pochettes, tableaux, torchons et transats solaires aux designs uniques et finitions soign\u00e9es.&nbsp;Color\u00e9s, tendances, fun, chics et d\u00e9cal\u00e9s, les mod\u00e8les s&#8217;y d\u00e9clinent sur tous nos formats, mati\u00e8res (indoor\/outdoor) et couleurs. D\u00e9couvrez nos collections de coussins Artpilo propose une collection de [&hellip;]<\/p>","protected":false},"author":1,"featured_media":0,"parent":0,"menu_order":0,"comment_status":"closed","ping_status":"closed","template":"","meta":{"advanced_seo_description":"","spay_email":""},"_links":{"self":[{"href":"https:\/\/artpilo.myditex.fr\/en_gb\/wp-json\/wp\/v2\/pages\/3571"}],"collection":[{"href":"https:\/\/artpilo.myditex.fr\/en_gb\/wp-json\/wp\/v2\/pages"}],"about":[{"href":"https:\/\/artpilo.myditex.fr\/en_gb\/wp-json\/wp\/v2\/types\/page"}],"author":[{"embeddable":true,"href":"https:\/\/artpilo.myditex.fr\/en_gb\/wp-json\/wp\/v2\/users\/1"}],"replies":[{"embeddable":true,"href":"https:\/\/artpilo.myditex.fr\/en_gb\/wp-json\/wp\/v2\/comments?post=3571"}],"version-history":[{"count":27,"href":"https:\/\/artpilo.myditex.fr\/en_gb\/wp-json\/wp\/v2\/pages\/3571\/revisions"}],"predecessor-version":[{"id":3609,"href":"https:\/\/artpilo.myditex.fr\/en_gb\/wp-json\/wp\/v2\/pages\/3571\/revisions\/3609"}],"wp:attachment":[{"href":"https:\/\/artpilo.myditex.fr\/en_gb\/wp-json\/wp\/v2\/media?parent=3571"}],"curies":[{"name":"wp","href":"https:\/\/api.w.org\/{rel}","templated":true}]}}